{"id":136,"date":"2015-06-03T16:58:43","date_gmt":"2015-06-03T14:58:43","guid":{"rendered":"http:\/\/www.bauer-ulm.com\/wp-ruhrallee\/?page_id=136"},"modified":"2022-10-17T14:44:19","modified_gmt":"2022-10-17T12:44:19","slug":"lage","status":"publish","type":"page","link":"http:\/\/www.ruhrallee.com\/?page_id=136","title":{"rendered":"LAGE"},"content":{"rendered":"<p>[et_pb_section fb_built=&#8220;1&#8243; fullwidth=&#8220;on&#8220; _builder_version=&#8220;3.22&#8243; background_color=&#8220;#ebeeee&#8220; transparent_background=&#8220;off&#8220; global_colors_info=&#8220;{}&#8220; disabled_on=&#8220;on|on|on&#8220; disabled=&#8220;on&#8220;][et_pb_fullwidth_menu menu_id=&#8220;2&#8243; admin_label=&#8220;Fullwidth Menu&#8220; _builder_version=&#8220;3.0.47&#8243; background_color=&#8220;#ebeeee&#8220; global_colors_info=&#8220;{}&#8220;][\/et_pb_fullwidth_menu][\/et_pb_section][et_pb_section fb_built=&#8220;1&#8243; fullwidth=&#8220;on&#8220; _builder_version=&#8220;3.22&#8243; global_colors_info=&#8220;{}&#8220;][et_pb_fullwidth_slider admin_label=&#8220;Fullwidth Slider&#8220; _builder_version=&#8220;3.16&#8243; custom_padding=&#8220;|||&#8220; custom_padding_tablet=&#8220;|||&#8220; custom_padding_phone=&#8220;|||&#8220; auto=&#8220;on&#8220; auto_speed=&#8220;2000&#8243; box_shadow_style=&#8220;preset6&#8243; box_shadow_blur=&#8220;10px&#8220; box_shadow_color=&#8220;rgba(0,0,0,0.1)&#8220; show_inner_shadow=&#8220;on&#8220; global_colors_info=&#8220;{}&#8220; button_text_size__hover_enabled=&#8220;off&#8220; button_one_text_size__hover_enabled=&#8220;off&#8220; button_two_text_size__hover_enabled=&#8220;off&#8220; button_text_color__hover_enabled=&#8220;off&#8220; button_one_text_color__hover_enabled=&#8220;off&#8220; button_two_text_color__hover_enabled=&#8220;off&#8220; button_border_width__hover_enabled=&#8220;off&#8220; button_one_border_width__hover_enabled=&#8220;off&#8220; button_two_border_width__hover_enabled=&#8220;off&#8220; button_border_color__hover_enabled=&#8220;off&#8220; button_one_border_color__hover_enabled=&#8220;off&#8220; button_two_border_color__hover_enabled=&#8220;off&#8220; button_border_radius__hover_enabled=&#8220;off&#8220; button_one_border_radius__hover_enabled=&#8220;off&#8220; button_two_border_radius__hover_enabled=&#8220;off&#8220; button_letter_spacing__hover_enabled=&#8220;off&#8220; button_one_letter_spacing__hover_enabled=&#8220;off&#8220; button_two_letter_spacing__hover_enabled=&#8220;off&#8220; button_bg_color__hover_enabled=&#8220;off&#8220; button_one_bg_color__hover_enabled=&#8220;off&#8220; button_two_bg_color__hover_enabled=&#8220;off&#8220;][et_pb_slide image=&#8220;http:\/\/www.ruhrallee.com\/wp-content\/uploads\/2015\/06\/ruhrallee_slide_gr.png&#8220; _builder_version=&#8220;3.16&#8243; background_color=&#8220;#ffffff&#8220; background_image=&#8220;http:\/\/www.ruhrallee.com\/wp-content\/uploads\/2015\/06\/sl_ruhrallee_1.jpg&#8220; global_colors_info=&#8220;{}&#8220; sticky_transition=&#8220;on&#8220; button_text_size__hover_enabled=&#8220;off&#8220; button_one_text_size__hover_enabled=&#8220;off&#8220; button_two_text_size__hover_enabled=&#8220;off&#8220; button_text_color__hover_enabled=&#8220;off&#8220; button_one_text_color__hover_enabled=&#8220;off&#8220; button_two_text_color__hover_enabled=&#8220;off&#8220; button_border_width__hover_enabled=&#8220;off&#8220; button_one_border_width__hover_enabled=&#8220;off&#8220; button_two_border_width__hover_enabled=&#8220;off&#8220; button_border_color__hover_enabled=&#8220;off&#8220; button_one_border_color__hover_enabled=&#8220;off&#8220; button_two_border_color__hover_enabled=&#8220;off&#8220; button_border_radius__hover_enabled=&#8220;off&#8220; button_one_border_radius__hover_enabled=&#8220;off&#8220; button_two_border_radius__hover_enabled=&#8220;off&#8220; button_letter_spacing__hover_enabled=&#8220;off&#8220; button_one_letter_spacing__hover_enabled=&#8220;off&#8220; button_two_letter_spacing__hover_enabled=&#8220;off&#8220; button_bg_color__hover_enabled=&#8220;off&#8220; button_one_bg_color__hover_enabled=&#8220;off&#8220; button_two_bg_color__hover_enabled=&#8220;off&#8220;][\/et_pb_slide][et_pb_slide image=&#8220;http:\/\/www.ruhrallee.com\/wp-content\/uploads\/2015\/06\/ruhrallee_slide_gr.png&#8220; _builder_version=&#8220;3.16&#8243; background_color=&#8220;#ffffff&#8220; background_image=&#8220;http:\/\/www.ruhrallee.com\/wp-content\/uploads\/2015\/06\/sl_ruhrallee_2.jpg&#8220; global_colors_info=&#8220;{}&#8220; sticky_transition=&#8220;on&#8220; button_text_size__hover_enabled=&#8220;off&#8220; button_one_text_size__hover_enabled=&#8220;off&#8220; button_two_text_size__hover_enabled=&#8220;off&#8220; button_text_color__hover_enabled=&#8220;off&#8220; button_one_text_color__hover_enabled=&#8220;off&#8220; button_two_text_color__hover_enabled=&#8220;off&#8220; button_border_width__hover_enabled=&#8220;off&#8220; button_one_border_width__hover_enabled=&#8220;off&#8220; button_two_border_width__hover_enabled=&#8220;off&#8220; button_border_color__hover_enabled=&#8220;off&#8220; button_one_border_color__hover_enabled=&#8220;off&#8220; button_two_border_color__hover_enabled=&#8220;off&#8220; button_border_radius__hover_enabled=&#8220;off&#8220; button_one_border_radius__hover_enabled=&#8220;off&#8220; button_two_border_radius__hover_enabled=&#8220;off&#8220; button_letter_spacing__hover_enabled=&#8220;off&#8220; button_one_letter_spacing__hover_enabled=&#8220;off&#8220; button_two_letter_spacing__hover_enabled=&#8220;off&#8220; button_bg_color__hover_enabled=&#8220;off&#8220; button_one_bg_color__hover_enabled=&#8220;off&#8220; button_two_bg_color__hover_enabled=&#8220;off&#8220;][\/et_pb_slide][et_pb_slide image=&#8220;http:\/\/www.ruhrallee.com\/wp-content\/uploads\/2015\/06\/ruhrallee_slide_gr.png&#8220; _builder_version=&#8220;3.16&#8243; background_color=&#8220;#ffffff&#8220; background_image=&#8220;http:\/\/www.ruhrallee.com\/wp-content\/uploads\/2015\/06\/sl_ruhrallee_3.jpg&#8220; global_colors_info=&#8220;{}&#8220; sticky_transition=&#8220;on&#8220; button_text_size__hover_enabled=&#8220;off&#8220; button_one_text_size__hover_enabled=&#8220;off&#8220; button_two_text_size__hover_enabled=&#8220;off&#8220; button_text_color__hover_enabled=&#8220;off&#8220; button_one_text_color__hover_enabled=&#8220;off&#8220; button_two_text_color__hover_enabled=&#8220;off&#8220; button_border_width__hover_enabled=&#8220;off&#8220; button_one_border_width__hover_enabled=&#8220;off&#8220; button_two_border_width__hover_enabled=&#8220;off&#8220; button_border_color__hover_enabled=&#8220;off&#8220; button_one_border_color__hover_enabled=&#8220;off&#8220; button_two_border_color__hover_enabled=&#8220;off&#8220; button_border_radius__hover_enabled=&#8220;off&#8220; button_one_border_radius__hover_enabled=&#8220;off&#8220; button_two_border_radius__hover_enabled=&#8220;off&#8220; button_letter_spacing__hover_enabled=&#8220;off&#8220; button_one_letter_spacing__hover_enabled=&#8220;off&#8220; button_two_letter_spacing__hover_enabled=&#8220;off&#8220; button_bg_color__hover_enabled=&#8220;off&#8220; button_one_bg_color__hover_enabled=&#8220;off&#8220; button_two_bg_color__hover_enabled=&#8220;off&#8220;][\/et_pb_slide][\/et_pb_fullwidth_slider][\/et_pb_section][et_pb_section fb_built=&#8220;1&#8243; module_class=&#8220;et_pb_content&#8220; _builder_version=&#8220;3.22&#8243; background_color=&#8220;#ffffff&#8220; transparent_background=&#8220;off&#8220; global_colors_info=&#8220;{}&#8220;][et_pb_row _builder_version=&#8220;3.25&#8243; background_size=&#8220;initial&#8220; background_position=&#8220;top_left&#8220; background_repeat=&#8220;repeat&#8220; global_colors_info=&#8220;{}&#8220; column_structure=&#8220;1_4,3_4&#8243;][et_pb_column type=&#8220;1_4&#8243; _builder_version=&#8220;3.25&#8243; custom_padding=&#8220;|||&#8220; global_colors_info=&#8220;{}&#8220; custom_padding__hover=&#8220;|||&#8220;][et_pb_image src=&#8220;http:\/\/www.ruhrallee.com\/wp-content\/uploads\/2015\/06\/stoerer.png&#8220; align_tablet=&#8220;center&#8220; align_last_edited=&#8220;on|desktop&#8220; admin_label=&#8220;Image&#8220; _builder_version=&#8220;3.23&#8243; animation_style=&#8220;slide&#8220; animation_direction=&#8220;left&#8220; animation_duration=&#8220;500ms&#8220; animation_intensity_slide=&#8220;10%&#8220; animation=&#8220;left&#8220; sticky=&#8220;off&#8220; global_colors_info=&#8220;{}&#8220; align_phone=&#8220;center&#8220;][\/et_pb_image][et_pb_blurb url=&#8220;http:\/\/www.ruhrallee.com\/wp-content\/uploads\/2015\/06\/expose_ruhrallee_2015.pdf&#8220; url_new_window=&#8220;on&#8220; image=&#8220;http:\/\/www.ruhrallee.com\/wp-content\/uploads\/2015\/06\/expose.png&#8220; image_icon_width=&#8220;none&#8220; admin_label=&#8220;Blurb&#8220; _builder_version=&#8220;4.13.0&#8243; background_size=&#8220;initial&#8220; background_position=&#8220;top_left&#8220; background_repeat=&#8220;repeat&#8220; text_orientation=&#8220;center&#8220; animation=&#8220;off&#8220; image_max_width=&#8220;none&#8220; use_circle=&#8220;off&#8220; use_circle_border=&#8220;off&#8220; circle_border_color=&#8220;#db0132&#8243; circle_color=&#8220;#db0132&#8243; global_colors_info=&#8220;{}&#8220;]<strong><a href=\"http:\/\/www.ruhrallee.com\/wp-content\/uploads\/2015\/06\/expose_ruhrallee_2015.pdf\" target=\"_blank\" rel=\"noopener\">Expos\u00e9 als pdf-Datei<\/a><\/strong><br \/>\n[\/et_pb_blurb][\/et_pb_column][et_pb_column type=&#8220;3_4&#8243; _builder_version=&#8220;3.25&#8243; custom_padding=&#8220;|||&#8220; global_colors_info=&#8220;{}&#8220; custom_padding__hover=&#8220;|||&#8220;][et_pb_text admin_label=&#8220;Text&#8220; _builder_version=&#8220;3.27.4&#8243; background_size=&#8220;initial&#8220; background_position=&#8220;top_left&#8220; background_repeat=&#8220;repeat&#8220; global_colors_info=&#8220;{}&#8220;]<\/p>\n<h3><span style=\"color: #db0132;\">Lage<\/span><\/h3>\n<p>&nbsp;<\/p>\n<p>Der Bu\u0308ropark Ruhrallee liegt im Su\u0308dosten des Essener Stadtgebiets, im Stadtteil Bergerhausen, und zeichnet sich durch seine hervorragende Anbindung an das \u00f6rtliche und u\u0308ber\u00f6rtliche Verkehrsnetz und seine landschaftlich reizvolle Lage aus. Moderne Arbeitspl\u00e4tze im Gru\u0308nen mit Parkatmosph\u00e4re sowie die hochwertige Geb\u00e4ude- und Umfeldgestaltung tragen zur Unternehmensattraktivit\u00e4t fu\u0308r Mitarbeiter und Kunden bei. \u00dcber eine wenige Meter vor dem Objekt befindliche Bushaltestelle ist das Bu\u0308rogeb\u00e4ude an das \u00d6PNV-Netz angebunden. Die Autobahnabfahrt der A 52 liegt in unmittelbarer N\u00e4he.<\/p>\n<p>&nbsp;<\/p>\n<p><a href=\"https:\/\/goo.gl\/maps\/eACQ4\" target=\"_blank\" rel=\"noopener\">Zum Routenplaner &gt;&gt;<\/a><br \/>\n[\/et_pb_text][et_pb_map address=&#8220;Ruhrallee 307, 45136 Essen, Deutschland&#8220; zoom_level=&#8220;13&#8243; address_lat=&#8220;51.439680393056754&#8243; address_lng=&#8220;7.045314706298771&#8243; admin_label=&#8220;Map&#8220; _builder_version=&#8220;3.0.91&#8243; global_colors_info=&#8220;{}&#8220;][et_pb_map_pin title=&#8220;Ruhrallee 307-309&#8243; pin_address=&#8220;Ruhrallee 307, 45136 Essen, Deutschland&#8220; pin_address_lat=&#8220;51.43486499999999&#8243; pin_address_lng=&#8220;7.05200949999994&#8243; _builder_version=&#8220;3.0.47&#8243; global_colors_info=&#8220;{}&#8220;]Ruhrallee 307-309<br \/>\n45136 Essen<\/p>\n<p><a href=\"https:\/\/goo.gl\/maps\/eACQ4\" target=\"_blank\" rel=\"noopener\">Routenplaner<\/a><br \/>\n[\/et_pb_map_pin][\/et_pb_map][et_pb_text admin_label=&#8220;Text&#8220; _builder_version=&#8220;3.27.4&#8243; background_size=&#8220;initial&#8220; background_position=&#8220;top_left&#8220; background_repeat=&#8220;repeat&#8220; global_colors_info=&#8220;{}&#8220;]<\/p>\n<h3><span style=\"color: #db0132;\">Entfernungen<\/span><\/h3>\n<p>&nbsp;<\/p>\n<table width=\"377\">\n<tbody>\n<tr>\n<td valign=\"top\" width=\"76\"><\/td>\n<td valign=\"top\" width=\"10\"><\/td>\n<td valign=\"top\" width=\"280\"><\/td>\n<\/tr>\n<tr>\n<td valign=\"top\" width=\"76\">\n<div align=\"left\">City<\/div>\n<\/td>\n<td valign=\"top\" width=\"10\"><\/td>\n<td valign=\"top\" width=\"280\">\n<div align=\"left\">zw\u00f6lf Minuten<\/div>\n<\/td>\n<\/tr>\n<tr>\n<td valign=\"top\" width=\"76\">\n<div align=\"left\">Bahnhof<\/div>\n<\/td>\n<td valign=\"top\" width=\"10\"><\/td>\n<td valign=\"top\" width=\"280\">\n<div align=\"left\">zehn Minuten<\/div>\n<\/td>\n<\/tr>\n<tr>\n<td valign=\"top\" width=\"76\">\n<div align=\"left\">Autobahn<\/div>\n<\/td>\n<td valign=\"top\" width=\"10\"><\/td>\n<td valign=\"top\" width=\"280\">\n<div align=\"left\">zwei Minuten<\/div>\n<\/td>\n<\/tr>\n<tr>\n<td valign=\"top\" width=\"76\">\n<div align=\"left\">Flughafen<\/div>\n<\/td>\n<td valign=\"top\" width=\"10\"><\/td>\n<td valign=\"top\" width=\"280\">\n<div align=\"left\">16 km<\/div>\n<\/td>\n<\/tr>\n<tr>\n<td valign=\"top\" width=\"76\">\n<div align=\"left\">U-Bahn<\/div>\n<\/td>\n<td valign=\"top\" width=\"10\"><\/td>\n<td valign=\"top\" width=\"280\">\n<div align=\"left\">zwei Minuten<\/div>\n<\/td>\n<\/tr>\n<tr>\n<td valign=\"top\" width=\"76\">\n<div align=\"left\">S-Bahn<\/div>\n<\/td>\n<td valign=\"top\" width=\"10\"><\/td>\n<td valign=\"top\" width=\"280\">\n<div align=\"left\">zwei Minuten<\/div>\n<\/td>\n<\/tr>\n<tr>\n<td valign=\"top\" width=\"76\">\n<div align=\"left\">Food<\/div>\n<\/td>\n<td valign=\"top\" width=\"10\"><\/td>\n<td valign=\"top\" width=\"280\">\n<div align=\"left\">drei Minuten<\/div>\n<\/td>\n<\/tr>\n<tr>\n<td valign=\"top\" width=\"76\">\n<div align=\"left\">Einkaufen<\/div>\n<\/td>\n<td valign=\"top\" width=\"10\"><\/td>\n<td valign=\"top\" width=\"280\">\n<div align=\"left\">vier Minuten<\/div>\n<\/td>\n<\/tr>\n<tr>\n<td valign=\"top\" width=\"76\">\n<div align=\"left\">Parken<\/div>\n<\/td>\n<td valign=\"top\" width=\"10\"><\/td>\n<td valign=\"top\" width=\"280\">\n<div align=\"left\">direkt am Objekt<\/div>\n<\/td>\n<\/tr>\n<\/tbody>\n<\/table>\n<p>[\/et_pb_text][et_pb_text admin_label=&#8220;Text&#8220; _builder_version=&#8220;3.27.4&#8243; background_size=&#8220;initial&#8220; background_position=&#8220;top_left&#8220; background_repeat=&#8220;repeat&#8220; global_colors_info=&#8220;{}&#8220;]<\/p>\n<h3><span style=\"color: #db0132;\">Anfahrt<\/span><\/h3>\n<p>&nbsp;<\/p>\n<p><strong>Aus Richtung Dorsten u\u0308ber B 224 und BAB 2<\/strong><\/p>\n<p>Abfahrt Essen\/Gladbeck in Richtung Essen-Stadtmitte, u\u0308ber die B 224 (Gladbecker Stra\u00dfe) bis zur Kreuzung Grillostra\u00dfe, dort links ab und u\u0308ber Grillostra\u00dfe, Katzenbruchstra\u00dfe, Herzogstra\u00dfe (Bru\u0308cke), Burggrafenstra\u00dfe, Krampestra\u00dfe, Oberschlesienstra\u00dfe, Huttropstra\u00dfe bis zur Kreuzung Ruhrallee und dort links in die Ruhrallee in Richtung Kupferdreh fahren. Nach ca. 1.250 m an der siebten Ampel links abbiegen und dem Wegweiser Bu\u0308ropark Ruhrallee III folgen. Die erste M\u00f6glichkeit \u2013 nach ca. 30 m \u2013 links in den Zufahrtsweg fahren.<\/p>\n<p>&nbsp;<\/p>\n<p><strong>Aus Richtung Du\u0308sseldorf u\u0308ber die A 52<\/strong><\/p>\n<p>Abfahrt Essen-Bergerhausen, rechts ab in die Ruhrallee und in Richtung Kupferdreh fahren. Nach ca. 1.250 m an der siebten Ampel links abbiegen und dem Wegweiser Bu\u0308ropark Ruhrallee III folgen. Die erste M\u00f6glichkeit \u2013 nach ca. 30 m \u2013 links in den Zufahrtsweg fahren.<\/p>\n<p>&nbsp;<\/p>\n<p><strong>Aus Richtung Dorsten u\u0308ber A 42 Emscher-Schnellweg<\/strong><\/p>\n<p>Abfahrt Essen-Nord in Richtung Essen Stadtmitte u\u0308ber die B224 (Gladbecker Stra\u00dfe) fahren bis zur Kreuzung Grillostra\u00dfe, dort links ab und u\u0308ber Grillostra\u00dfe, Katzenbruchstra\u00dfe, Herzogstra\u00dfe (Bru\u0308cke), Burggrafenstra\u00dfe, Krampestra\u00dfe, Oberschlesienstra\u00dfe, Huttropstra\u00dfe bis zur Kreuzung Ruhrallee und dort links in die Ruhrallee in Richtung Kupferdreh fahren. Nach ca. 1.250 m an der siebten Ampel links abbiegen und dem Wegweiser Bu\u0308ropark Ruhrallee III folgen. Die erste M\u00f6glichkeit \u2013 nach ca. 30 m \u2013 links in den Zufahrtsweg fahren.<\/p>\n<p>&nbsp;<\/p>\n<p><strong>Aus Richtung Duisburg u\u0308ber die A 40<\/strong><\/p>\n<p>Abfahrt Huttrop (Wasserturm) und rechts auf die Steeler Stra\u00dfe bis zur dritten Ampelkreuzung (Hinweisschild E.ON Ruhrgas). Dort rechts ab in die Huttropstra\u00dfe bis zur zweiten Ampelkreuzung und links in die Ruhrallee in Richtung Kupferdreh fahren. Nach ca. 1.250 m an der siebten Ampel links abbiegen und dem Wegweiser Bu\u0308ropark Ruhrallee III folgen. Die erste M\u00f6glichkeit \u2013 nach ca. 30 m \u2013 links in den Zufahrtsweg fahren.<\/p>\n<p>&nbsp;<\/p>\n<p><strong>Aus Richtung Dortmund u\u0308ber die A 40<\/strong><\/p>\n<p>AB-Dreieck Essen-Ost auf die A 52 in Richtung Du\u0308sseldorf bis zur Ausfahrt Essen-Bergerhausen (erste Ausfahrt), dort links ab auf die Ruhrallee und in Richtung Kupferdreh fahren. Nach ca. 1.250 m an der siebten Ampel links abbiegen und dem Wegweiser Bu\u0308ropark Ruhrallee III folgen. Die erste M\u00f6glichkeit \u2013 nach ca. 30 m \u2013 links in den Zufahrtsweg fahren.<\/p>\n<p>&nbsp;<br \/>\n[\/et_pb_text][\/et_pb_column][\/et_pb_row][\/et_pb_section]<\/p>\n","protected":false},"excerpt":{"rendered":"<p>Expos\u00e9 als pdf-Datei Lage &nbsp; Der Bu\u0308ropark Ruhrallee liegt im Su\u0308dosten des Essener Stadtgebiets, im Stadtteil Bergerhausen, und zeichnet sich durch seine hervorragende Anbindung an das \u00f6rtliche und u\u0308ber\u00f6rtliche Verkehrsnetz und seine landschaftlich reizvolle Lage aus. Moderne Arbeitspl\u00e4tze im Gru\u0308nen mit Parkatmosph\u00e4re sowie die hochwertige Geb\u00e4ude- und Umfeldgestaltung tragen zur Unternehmensattraktivit\u00e4t fu\u0308r Mitarbeiter und Kunden [&hellip;]<\/p>\n","protected":false},"author":1,"featured_media":0,"parent":0,"menu_order":0,"comment_status":"open","ping_status":"open","template":"","meta":{"_et_pb_use_builder":"on","_et_pb_old_content":"","_et_gb_content_width":""},"_links":{"self":[{"href":"http:\/\/www.ruhrallee.com\/index.php?rest_route=\/wp\/v2\/pages\/136"}],"collection":[{"href":"http:\/\/www.ruhrallee.com\/index.php?rest_route=\/wp\/v2\/pages"}],"about":[{"href":"http:\/\/www.ruhrallee.com\/index.php?rest_route=\/wp\/v2\/types\/page"}],"author":[{"embeddable":true,"href":"http:\/\/www.ruhrallee.com\/index.php?rest_route=\/wp\/v2\/users\/1"}],"replies":[{"embeddable":true,"href":"http:\/\/www.ruhrallee.com\/index.php?rest_route=%2Fwp%2Fv2%2Fcomments&post=136"}],"version-history":[{"count":30,"href":"http:\/\/www.ruhrallee.com\/index.php?rest_route=\/wp\/v2\/pages\/136\/revisions"}],"predecessor-version":[{"id":305,"href":"http:\/\/www.ruhrallee.com\/index.php?rest_route=\/wp\/v2\/pages\/136\/revisions\/305"}],"wp:attachment":[{"href":"http:\/\/www.ruhrallee.com\/index.php?rest_route=%2Fwp%2Fv2%2Fmedia&parent=136"}],"curies":[{"name":"wp","href":"https:\/\/api.w.org\/{rel}","templated":true}]}}