{"id":162,"date":"2015-06-03T18:05:21","date_gmt":"2015-06-03T16:05:21","guid":{"rendered":"http:\/\/www.bauer-ulm.com\/wp-ruhrallee\/?page_id=162"},"modified":"2018-06-27T09:10:16","modified_gmt":"2018-06-27T07:10:16","slug":"impressum","status":"publish","type":"page","link":"http:\/\/www.ruhrallee.com\/?page_id=162","title":{"rendered":"IMPRESSUM"},"content":{"rendered":"<p>[et_pb_section fullwidth=&#8220;on&#8220; specialty=&#8220;off&#8220; transparent_background=&#8220;off&#8220; background_color=&#8220;#ebeeee&#8220; inner_shadow=&#8220;off&#8220; parallax=&#8220;off&#8220; parallax_method=&#8220;off&#8220;][et_pb_fullwidth_menu admin_label=&#8220;Fullwidth Menu&#8220; menu_id=&#8220;2&#8243; background_color=&#8220;#ebeeee&#8220; background_layout=&#8220;light&#8220; text_orientation=&#8220;left&#8220; \/][\/et_pb_section][et_pb_section fullwidth=&#8220;on&#8220; specialty=&#8220;off&#8220;][et_pb_fullwidth_slider admin_label=&#8220;Fullwidth Slider&#8220; show_arrows=&#8220;on&#8220; show_pagination=&#8220;on&#8220; auto=&#8220;on&#8220; parallax=&#8220;off&#8220; parallax_method=&#8220;off&#8220; auto_speed=&#8220;2000&#8243;][et_pb_slide background_image=&#8220;http:\/\/www.ruhrallee.com\/wp-content\/uploads\/2015\/06\/sl_ruhrallee_1.jpg&#8220; background_color=&#8220;#ffffff&#8220; alignment=&#8220;center&#8220; background_layout=&#8220;dark&#8220; image=&#8220;http:\/\/www.ruhrallee.com\/wp-content\/uploads\/2015\/06\/ruhrallee_slide_gr.png&#8220; \/][et_pb_slide background_image=&#8220;http:\/\/www.ruhrallee.com\/wp-content\/uploads\/2015\/06\/sl_ruhrallee_2.jpg&#8220; background_color=&#8220;#ffffff&#8220; alignment=&#8220;center&#8220; background_layout=&#8220;dark&#8220; image=&#8220;http:\/\/www.ruhrallee.com\/wp-content\/uploads\/2015\/06\/ruhrallee_slide_gr.png&#8220; \/][et_pb_slide background_image=&#8220;http:\/\/www.ruhrallee.com\/wp-content\/uploads\/2015\/06\/sl_ruhrallee_3.jpg&#8220; background_color=&#8220;#ffffff&#8220; alignment=&#8220;center&#8220; background_layout=&#8220;dark&#8220; image=&#8220;http:\/\/www.ruhrallee.com\/wp-content\/uploads\/2015\/06\/ruhrallee_slide_gr.png&#8220; \/][\/et_pb_fullwidth_slider][\/et_pb_section][et_pb_section fullwidth=&#8220;off&#8220; specialty=&#8220;off&#8220; transparent_background=&#8220;off&#8220; background_color=&#8220;#ffffff&#8220; inner_shadow=&#8220;off&#8220; parallax=&#8220;off&#8220; parallax_method=&#8220;off&#8220; module_class=&#8220;et_pb_content&#8220;][et_pb_row][et_pb_column type=&#8220;1_4&#8243;][et_pb_text admin_label=&#8220;Text&#8220; background_layout=&#8220;light&#8220; text_orientation=&#8220;left&#8220;]<\/p>\n<p><span style=\"color: #ffffff;\">.<\/span><\/p>\n<p>[\/et_pb_text][\/et_pb_column][et_pb_column type=&#8220;3_4&#8243;][et_pb_text admin_label=&#8220;Text&#8220; background_layout=&#8220;light&#8220; text_orientation=&#8220;left&#8220;]<\/p>\n<h3><span style=\"color: #db0132;\">Impressum<\/span><\/h3>\n<p>&nbsp;<\/p>\n<p>AVENTUS Immobilien GmbH<br \/>\nSyrlinstra\u00dfe 38 \u00b7 89073 Ulm<\/p>\n<p>Fon +49 (0)7 31 . 15 90 08 &#8211; 0<br \/>\nFax +49 (0)7 31 . 15 90 08 &#8211; 99<\/p>\n<p>Gesch\u00e4ftsf\u00fchrung<br \/>\nThomas L\u00f6hlein; Horst M. Wendel<\/p>\n<p>HRB 3398, Amtsgericht Ulm<\/p>\n<p>&nbsp;<\/p>\n<p><a href=\"http:\/\/www.ruhrallee.com\/?page_id=170\" target=\"_blank\">Haftungsausschluss<\/a><\/p>\n<p>&nbsp;<\/p>\n<p>[\/et_pb_text][\/et_pb_column][\/et_pb_row][\/et_pb_section]<\/p>\n","protected":false},"excerpt":{"rendered":"<p><div class=\"et_pb_row et_pb_row_0 et_pb_row_empty\">\n\t\t\t\t\n\t\t\t\t\n\t\t\t\t\n\t\t\t<\/div> . Impressum &nbsp; AVENTUS Immobilien GmbH Syrlinstra\u00dfe 38 \u00b7 89073 Ulm Fon +49 (0)7 31 . 15 90 08 &#8211; 0 Fax +49 (0)7 31 . 15 90 08 &#8211; 99 Gesch\u00e4ftsf\u00fchrung Thomas L\u00f6hlein; Horst M. Wendel HRB 3398, Amtsgericht Ulm &nbsp; Haftungsausschluss &nbsp;<\/p>\n","protected":false},"author":1,"featured_media":0,"parent":0,"menu_order":0,"comment_status":"open","ping_status":"open","template":"","meta":{"_et_pb_use_builder":"on","_et_pb_old_content":"","_et_gb_content_width":""},"_links":{"self":[{"href":"http:\/\/www.ruhrallee.com\/index.php?rest_route=\/wp\/v2\/pages\/162"}],"collection":[{"href":"http:\/\/www.ruhrallee.com\/index.php?rest_route=\/wp\/v2\/pages"}],"about":[{"href":"http:\/\/www.ruhrallee.com\/index.php?rest_route=\/wp\/v2\/types\/page"}],"author":[{"embeddable":true,"href":"http:\/\/www.ruhrallee.com\/index.php?rest_route=\/wp\/v2\/users\/1"}],"replies":[{"embeddable":true,"href":"http:\/\/www.ruhrallee.com\/index.php?rest_route=%2Fwp%2Fv2%2Fcomments&post=162"}],"version-history":[{"count":5,"href":"http:\/\/www.ruhrallee.com\/index.php?rest_route=\/wp\/v2\/pages\/162\/revisions"}],"predecessor-version":[{"id":277,"href":"http:\/\/www.ruhrallee.com\/index.php?rest_route=\/wp\/v2\/pages\/162\/revisions\/277"}],"wp:attachment":[{"href":"http:\/\/www.ruhrallee.com\/index.php?rest_route=%2Fwp%2Fv2%2Fmedia&parent=162"}],"curies":[{"name":"wp","href":"https:\/\/api.w.org\/{rel}","templated":true}]}}