{"id":85,"date":"2015-06-03T14:28:31","date_gmt":"2015-06-03T12:28:31","guid":{"rendered":"http:\/\/www.bauer-ulm.com\/wp-ruhrallee\/?page_id=85"},"modified":"2022-10-17T14:42:08","modified_gmt":"2022-10-17T12:42:08","slug":"details","status":"publish","type":"page","link":"http:\/\/www.ruhrallee.com\/?page_id=85","title":{"rendered":"DETAILS"},"content":{"rendered":"<p>[et_pb_section fb_built=&#8220;1&#8243; fullwidth=&#8220;on&#8220; _builder_version=&#8220;3.22&#8243; background_color=&#8220;#ebeeee&#8220; transparent_background=&#8220;off&#8220; global_colors_info=&#8220;{}&#8220; disabled_on=&#8220;on|on|on&#8220; disabled=&#8220;on&#8220;][et_pb_fullwidth_menu menu_id=&#8220;2&#8243; admin_label=&#8220;Fullwidth Menu&#8220; _builder_version=&#8220;3.0.47&#8243; background_color=&#8220;#ebeeee&#8220; global_colors_info=&#8220;{}&#8220;][\/et_pb_fullwidth_menu][\/et_pb_section][et_pb_section fb_built=&#8220;1&#8243; fullwidth=&#8220;on&#8220; _builder_version=&#8220;3.22&#8243; global_colors_info=&#8220;{}&#8220;][et_pb_fullwidth_slider admin_label=&#8220;Fullwidth Slider&#8220; _builder_version=&#8220;3.16&#8243; custom_padding=&#8220;|||&#8220; custom_padding_tablet=&#8220;|||&#8220; custom_padding_phone=&#8220;|||&#8220; auto=&#8220;on&#8220; auto_speed=&#8220;2000&#8243; box_shadow_style=&#8220;preset6&#8243; box_shadow_blur=&#8220;10px&#8220; box_shadow_color=&#8220;rgba(0,0,0,0.1)&#8220; show_inner_shadow=&#8220;on&#8220; global_colors_info=&#8220;{}&#8220; button_text_size__hover_enabled=&#8220;off&#8220; button_one_text_size__hover_enabled=&#8220;off&#8220; button_two_text_size__hover_enabled=&#8220;off&#8220; button_text_color__hover_enabled=&#8220;off&#8220; button_one_text_color__hover_enabled=&#8220;off&#8220; button_two_text_color__hover_enabled=&#8220;off&#8220; button_border_width__hover_enabled=&#8220;off&#8220; button_one_border_width__hover_enabled=&#8220;off&#8220; button_two_border_width__hover_enabled=&#8220;off&#8220; button_border_color__hover_enabled=&#8220;off&#8220; button_one_border_color__hover_enabled=&#8220;off&#8220; button_two_border_color__hover_enabled=&#8220;off&#8220; button_border_radius__hover_enabled=&#8220;off&#8220; button_one_border_radius__hover_enabled=&#8220;off&#8220; button_two_border_radius__hover_enabled=&#8220;off&#8220; button_letter_spacing__hover_enabled=&#8220;off&#8220; button_one_letter_spacing__hover_enabled=&#8220;off&#8220; button_two_letter_spacing__hover_enabled=&#8220;off&#8220; button_bg_color__hover_enabled=&#8220;off&#8220; button_one_bg_color__hover_enabled=&#8220;off&#8220; button_two_bg_color__hover_enabled=&#8220;off&#8220;][et_pb_slide image=&#8220;http:\/\/www.ruhrallee.com\/wp-content\/uploads\/2015\/06\/ruhrallee_slide_gr.png&#8220; _builder_version=&#8220;3.16&#8243; background_color=&#8220;#ffffff&#8220; background_image=&#8220;http:\/\/www.ruhrallee.com\/wp-content\/uploads\/2015\/06\/sl_ruhrallee_1.jpg&#8220; global_colors_info=&#8220;{}&#8220; sticky_transition=&#8220;on&#8220; button_text_size__hover_enabled=&#8220;off&#8220; button_one_text_size__hover_enabled=&#8220;off&#8220; button_two_text_size__hover_enabled=&#8220;off&#8220; button_text_color__hover_enabled=&#8220;off&#8220; button_one_text_color__hover_enabled=&#8220;off&#8220; button_two_text_color__hover_enabled=&#8220;off&#8220; button_border_width__hover_enabled=&#8220;off&#8220; button_one_border_width__hover_enabled=&#8220;off&#8220; button_two_border_width__hover_enabled=&#8220;off&#8220; button_border_color__hover_enabled=&#8220;off&#8220; button_one_border_color__hover_enabled=&#8220;off&#8220; button_two_border_color__hover_enabled=&#8220;off&#8220; button_border_radius__hover_enabled=&#8220;off&#8220; button_one_border_radius__hover_enabled=&#8220;off&#8220; button_two_border_radius__hover_enabled=&#8220;off&#8220; button_letter_spacing__hover_enabled=&#8220;off&#8220; button_one_letter_spacing__hover_enabled=&#8220;off&#8220; button_two_letter_spacing__hover_enabled=&#8220;off&#8220; button_bg_color__hover_enabled=&#8220;off&#8220; button_one_bg_color__hover_enabled=&#8220;off&#8220; button_two_bg_color__hover_enabled=&#8220;off&#8220;][\/et_pb_slide][et_pb_slide image=&#8220;http:\/\/www.ruhrallee.com\/wp-content\/uploads\/2015\/06\/ruhrallee_slide_gr.png&#8220; _builder_version=&#8220;3.16&#8243; background_color=&#8220;#ffffff&#8220; background_image=&#8220;http:\/\/www.ruhrallee.com\/wp-content\/uploads\/2015\/06\/sl_ruhrallee_2.jpg&#8220; global_colors_info=&#8220;{}&#8220; sticky_transition=&#8220;on&#8220; button_text_size__hover_enabled=&#8220;off&#8220; button_one_text_size__hover_enabled=&#8220;off&#8220; button_two_text_size__hover_enabled=&#8220;off&#8220; button_text_color__hover_enabled=&#8220;off&#8220; button_one_text_color__hover_enabled=&#8220;off&#8220; button_two_text_color__hover_enabled=&#8220;off&#8220; button_border_width__hover_enabled=&#8220;off&#8220; button_one_border_width__hover_enabled=&#8220;off&#8220; button_two_border_width__hover_enabled=&#8220;off&#8220; button_border_color__hover_enabled=&#8220;off&#8220; button_one_border_color__hover_enabled=&#8220;off&#8220; button_two_border_color__hover_enabled=&#8220;off&#8220; button_border_radius__hover_enabled=&#8220;off&#8220; button_one_border_radius__hover_enabled=&#8220;off&#8220; button_two_border_radius__hover_enabled=&#8220;off&#8220; button_letter_spacing__hover_enabled=&#8220;off&#8220; button_one_letter_spacing__hover_enabled=&#8220;off&#8220; button_two_letter_spacing__hover_enabled=&#8220;off&#8220; button_bg_color__hover_enabled=&#8220;off&#8220; button_one_bg_color__hover_enabled=&#8220;off&#8220; button_two_bg_color__hover_enabled=&#8220;off&#8220;][\/et_pb_slide][et_pb_slide image=&#8220;http:\/\/www.ruhrallee.com\/wp-content\/uploads\/2015\/06\/ruhrallee_slide_gr.png&#8220; _builder_version=&#8220;3.16&#8243; background_color=&#8220;#ffffff&#8220; background_image=&#8220;http:\/\/www.ruhrallee.com\/wp-content\/uploads\/2015\/06\/sl_ruhrallee_3.jpg&#8220; global_colors_info=&#8220;{}&#8220; sticky_transition=&#8220;on&#8220; button_text_size__hover_enabled=&#8220;off&#8220; button_one_text_size__hover_enabled=&#8220;off&#8220; button_two_text_size__hover_enabled=&#8220;off&#8220; button_text_color__hover_enabled=&#8220;off&#8220; button_one_text_color__hover_enabled=&#8220;off&#8220; button_two_text_color__hover_enabled=&#8220;off&#8220; button_border_width__hover_enabled=&#8220;off&#8220; button_one_border_width__hover_enabled=&#8220;off&#8220; button_two_border_width__hover_enabled=&#8220;off&#8220; button_border_color__hover_enabled=&#8220;off&#8220; button_one_border_color__hover_enabled=&#8220;off&#8220; button_two_border_color__hover_enabled=&#8220;off&#8220; button_border_radius__hover_enabled=&#8220;off&#8220; button_one_border_radius__hover_enabled=&#8220;off&#8220; button_two_border_radius__hover_enabled=&#8220;off&#8220; button_letter_spacing__hover_enabled=&#8220;off&#8220; button_one_letter_spacing__hover_enabled=&#8220;off&#8220; button_two_letter_spacing__hover_enabled=&#8220;off&#8220; button_bg_color__hover_enabled=&#8220;off&#8220; button_one_bg_color__hover_enabled=&#8220;off&#8220; button_two_bg_color__hover_enabled=&#8220;off&#8220;][\/et_pb_slide][\/et_pb_fullwidth_slider][\/et_pb_section][et_pb_section fb_built=&#8220;1&#8243; _builder_version=&#8220;3.22&#8243; global_colors_info=&#8220;{}&#8220;][et_pb_row _builder_version=&#8220;3.25&#8243; background_size=&#8220;initial&#8220; background_position=&#8220;top_left&#8220; background_repeat=&#8220;repeat&#8220; global_colors_info=&#8220;{}&#8220; column_structure=&#8220;1_4,1_2,1_4&#8243;][et_pb_column type=&#8220;1_4&#8243; _builder_version=&#8220;3.25&#8243; custom_padding=&#8220;|||&#8220; global_colors_info=&#8220;{}&#8220; custom_padding__hover=&#8220;|||&#8220;][et_pb_image src=&#8220;http:\/\/www.ruhrallee.com\/wp-content\/uploads\/2015\/06\/stoerer.png&#8220; align_tablet=&#8220;center&#8220; align_last_edited=&#8220;on|desktop&#8220; admin_label=&#8220;Image&#8220; _builder_version=&#8220;3.23&#8243; animation_style=&#8220;slide&#8220; animation_direction=&#8220;left&#8220; animation_duration=&#8220;500ms&#8220; animation_intensity_slide=&#8220;10%&#8220; animation=&#8220;left&#8220; sticky=&#8220;off&#8220; global_colors_info=&#8220;{}&#8220; align_phone=&#8220;center&#8220;][\/et_pb_image][et_pb_blurb url=&#8220;http:\/\/www.ruhrallee.com\/wp-content\/uploads\/2015\/06\/expose_ruhrallee_2015.pdf&#8220; url_new_window=&#8220;on&#8220; image=&#8220;http:\/\/www.ruhrallee.com\/wp-content\/uploads\/2015\/06\/expose.png&#8220; image_icon_width=&#8220;none&#8220; admin_label=&#8220;Blurb&#8220; _builder_version=&#8220;4.13.0&#8243; background_size=&#8220;initial&#8220; background_position=&#8220;top_left&#8220; background_repeat=&#8220;repeat&#8220; text_orientation=&#8220;center&#8220; animation=&#8220;off&#8220; image_max_width=&#8220;none&#8220; use_circle=&#8220;off&#8220; use_circle_border=&#8220;off&#8220; circle_border_color=&#8220;#db0132&#8243; circle_color=&#8220;#db0132&#8243; global_colors_info=&#8220;{}&#8220;]<strong><a href=\"http:\/\/www.ruhrallee.com\/wp-content\/uploads\/2015\/06\/expose_ruhrallee_2015.pdf\" target=\"_blank\" rel=\"noopener\">Expos\u00e9 als pdf-Datei<\/a><\/strong><br \/>\n[\/et_pb_blurb][\/et_pb_column][et_pb_column type=&#8220;1_2&#8243; _builder_version=&#8220;3.25&#8243; custom_padding=&#8220;|||&#8220; global_colors_info=&#8220;{}&#8220; custom_padding__hover=&#8220;|||&#8220;][et_pb_text admin_label=&#8220;Text&#8220; module_class=&#8220;entry-content table&#8220; _builder_version=&#8220;3.27.4&#8243; background_size=&#8220;initial&#8220; background_position=&#8220;top_left&#8220; background_repeat=&#8220;repeat&#8220; global_colors_info=&#8220;{}&#8220;]<\/p>\n<table width=\"315\">\n<tbody>\n<tr>\n<td valign=\"top\" width=\"94\"><strong><span style=\"color: #db0132;\">Geb\u00e4udeaufbau<\/span><\/strong><\/td>\n<td valign=\"top\" width=\"19\"><\/td>\n<td valign=\"top\" width=\"201\"><\/td>\n<\/tr>\n<tr>\n<td valign=\"top\" width=\"94\"><\/td>\n<td valign=\"top\" width=\"19\"><\/td>\n<td valign=\"top\" width=\"201\"><\/td>\n<\/tr>\n<tr>\n<td valign=\"top\" width=\"94\">\n<div align=\"left\">Eingangsbereich<\/div>\n<\/td>\n<td valign=\"top\" width=\"19\"><\/td>\n<td valign=\"top\" width=\"201\">\n<div align=\"left\">Repr\u00e4sentativer Foyerbereich \u00fcber zwei Geschosse<\/div>\n<\/td>\n<\/tr>\n<tr>\n<td valign=\"top\" width=\"94\">\n<div align=\"left\">Kantine<\/div>\n<\/td>\n<td valign=\"top\" width=\"19\"><\/td>\n<td valign=\"top\" width=\"201\">\n<div align=\"left\">Komplett eingerichtetes Casino im Haus E im Dachgeschoss<\/div>\n<\/td>\n<\/tr>\n<tr>\n<td valign=\"top\" width=\"94\"><\/td>\n<td valign=\"top\" width=\"19\"><\/td>\n<td valign=\"top\" width=\"201\"><\/td>\n<\/tr>\n<tr>\n<td valign=\"top\" width=\"94\">\n<div align=\"left\"><strong><span style=\"color: #db0132;\">Ausstattung<\/span><\/strong><\/div>\n<\/td>\n<td valign=\"top\" width=\"19\"><\/td>\n<td valign=\"top\" width=\"201\"><\/td>\n<\/tr>\n<tr>\n<td valign=\"top\" width=\"94\"><\/td>\n<td valign=\"top\" width=\"19\"><\/td>\n<td valign=\"top\" width=\"201\"><\/td>\n<\/tr>\n<tr>\n<td valign=\"top\" width=\"94\">\n<div align=\"left\">L\u00fcftung<\/div>\n<\/td>\n<td valign=\"top\" width=\"19\"><\/td>\n<td valign=\"top\" width=\"201\">\n<div align=\"left\">Klimatisierung<\/div>\n<\/td>\n<\/tr>\n<tr>\n<td valign=\"top\" width=\"94\">\n<div align=\"left\">Bodenbelag<\/div>\n<\/td>\n<td valign=\"top\" width=\"19\"><\/td>\n<td valign=\"top\" width=\"201\">\n<div align=\"left\">Teppich, PVC<\/div>\n<\/td>\n<\/tr>\n<tr>\n<td valign=\"top\" width=\"94\">\n<div align=\"left\">Decke<\/div>\n<\/td>\n<td valign=\"top\" width=\"19\"><\/td>\n<td valign=\"top\" width=\"201\">\n<div align=\"left\">Abgeh\u00e4ngte Systemdecken<\/div>\n<\/td>\n<\/tr>\n<tr>\n<td valign=\"top\" width=\"94\">\n<div align=\"left\">Licht<\/div>\n<\/td>\n<td valign=\"top\" width=\"19\"><\/td>\n<td valign=\"top\" width=\"201\">\n<div align=\"left\">Bildschirmarbeitsplatzgerechte Rastereinbauleuchten<\/div>\n<\/td>\n<\/tr>\n<tr>\n<td valign=\"top\" width=\"94\"><\/td>\n<td valign=\"top\" width=\"19\"><\/td>\n<td valign=\"top\" width=\"201\"><\/td>\n<\/tr>\n<tr>\n<td valign=\"top\" width=\"94\">\n<div align=\"left\"><strong><span style=\"color: #db0132;\">Ma\u00dfe<\/span><\/strong><\/div>\n<\/td>\n<td valign=\"top\" width=\"19\"><\/td>\n<td valign=\"top\" width=\"201\"><\/td>\n<\/tr>\n<tr>\n<td valign=\"top\" width=\"94\"><\/td>\n<td valign=\"top\" width=\"19\"><\/td>\n<td valign=\"top\" width=\"201\"><\/td>\n<\/tr>\n<tr>\n<td valign=\"top\" width=\"94\">\n<div align=\"left\">Deckenraster<\/div>\n<\/td>\n<td valign=\"top\" width=\"19\"><\/td>\n<td valign=\"top\" width=\"201\">\n<div align=\"left\">ca. 1,80 m<\/div>\n<\/td>\n<\/tr>\n<tr>\n<td valign=\"top\" width=\"94\">\n<div align=\"left\">Achsma\u00df<\/div>\n<\/td>\n<td valign=\"top\" width=\"19\"><\/td>\n<td valign=\"top\" width=\"201\">\n<div align=\"left\">ca. 1,80 m<\/div>\n<\/td>\n<\/tr>\n<tr>\n<td valign=\"top\" width=\"94\">\n<div align=\"left\">Geb\u00e4udetiefe<\/div>\n<\/td>\n<td valign=\"top\" width=\"19\"><\/td>\n<td valign=\"top\" width=\"201\">\n<div align=\"left\">ca. 12,20 m<\/div>\n<\/td>\n<\/tr>\n<tr>\n<td valign=\"top\" width=\"94\">\n<div align=\"left\">Raumtiefe<\/div>\n<\/td>\n<td valign=\"top\" width=\"19\"><\/td>\n<td valign=\"top\" width=\"201\">\n<div align=\"left\">ca. 5,10 bis 5,50 m<\/div>\n<\/td>\n<\/tr>\n<tr>\n<td valign=\"top\" width=\"94\">\n<div align=\"left\">Deckenh\u00f6he<\/div>\n<\/td>\n<td valign=\"top\" width=\"19\"><\/td>\n<td valign=\"top\" width=\"201\">\n<div align=\"left\">ca. 2,75 m<\/div>\n<\/td>\n<\/tr>\n<tr>\n<td valign=\"top\" width=\"94\">\n<div align=\"left\">Trennw\u00e4nde<\/div>\n<\/td>\n<td valign=\"top\" width=\"19\"><\/td>\n<td valign=\"top\" width=\"201\">\n<div align=\"left\">Aufteilung der B\u00fcros und Flure durch Gipskartonst\u00e4nderw\u00e4nde<\/div>\n<\/td>\n<\/tr>\n<tr>\n<td valign=\"top\" width=\"94\"><\/td>\n<td valign=\"top\" width=\"19\"><\/td>\n<td valign=\"top\" width=\"201\"><\/td>\n<\/tr>\n<tr>\n<td valign=\"top\" width=\"94\">\n<div align=\"left\"><strong><span style=\"color: #db0132;\">Technik<\/span><\/strong><\/div>\n<\/td>\n<td valign=\"top\" width=\"19\"><\/td>\n<td valign=\"top\" width=\"201\"><\/td>\n<\/tr>\n<tr>\n<td valign=\"top\" width=\"94\"><\/td>\n<td valign=\"top\" width=\"19\"><\/td>\n<td valign=\"top\" width=\"201\"><\/td>\n<\/tr>\n<tr>\n<td valign=\"top\" width=\"94\">\n<div align=\"left\">Kabelf\u00fchrung<\/div>\n<\/td>\n<td valign=\"top\" width=\"19\"><\/td>\n<td valign=\"top\" width=\"201\">\n<div align=\"left\">Kabelkan\u00e4le<\/div>\n<\/td>\n<\/tr>\n<tr>\n<td valign=\"top\" width=\"94\">\n<div align=\"left\">Elektroinstallation<\/div>\n<\/td>\n<td valign=\"top\" width=\"19\"><\/td>\n<td valign=\"top\" width=\"201\">\n<div align=\"left\">Je Fensterachse und Geb\u00e4udeseite<br \/>\nzwei Schukosteckdosen und eine Telefonanschlussdose<\/div>\n<\/td>\n<\/tr>\n<tr>\n<td valign=\"top\" width=\"94\">\n<div align=\"left\">Sonnenschutz<\/div>\n<\/td>\n<td valign=\"top\" width=\"19\"><\/td>\n<td valign=\"top\" width=\"201\">\n<div align=\"left\">Au\u00dfenliegende Sonnenschutzanlage, Handkurbelbetrieb auf der Nordwest-, S\u00fcdost- und S\u00fcdwestseite<\/div>\n<\/td>\n<\/tr>\n<tr>\n<td valign=\"top\" width=\"94\">\n<div align=\"left\">Heizung<\/div>\n<\/td>\n<td valign=\"top\" width=\"19\"><\/td>\n<td valign=\"top\" width=\"201\">\n<div align=\"left\">Gaszentralheizung<\/div>\n<\/td>\n<\/tr>\n<tr>\n<td valign=\"top\" width=\"94\">\n<div align=\"left\">Brandmelder<\/div>\n<\/td>\n<td valign=\"top\" width=\"19\"><\/td>\n<td valign=\"top\" width=\"201\">\n<div align=\"left\">Brandmeldeanlage im Flurbereich<\/div>\n<\/td>\n<\/tr>\n<tr>\n<td valign=\"top\" width=\"94\">\n<div align=\"left\">Aufzug<\/div>\n<\/td>\n<td valign=\"top\" width=\"19\"><\/td>\n<td valign=\"top\" width=\"201\">\n<div align=\"left\">Sechs Personenaufz\u00fcge in drei Geb\u00e4udegruppen<\/div>\n<\/td>\n<\/tr>\n<\/tbody>\n<\/table>\n<p>[\/et_pb_text][\/et_pb_column][et_pb_column type=&#8220;1_4&#8243; _builder_version=&#8220;3.25&#8243; custom_padding=&#8220;|||&#8220; global_colors_info=&#8220;{}&#8220; custom_padding__hover=&#8220;|||&#8220;][et_pb_image src=&#8220;http:\/\/www.ruhrallee.com\/wp-content\/uploads\/2015\/06\/3d-ansicht.png&#8220; align_tablet=&#8220;center&#8220; align_last_edited=&#8220;on|desktop&#8220; admin_label=&#8220;Image&#8220; _builder_version=&#8220;3.23&#8243; animation=&#8220;off&#8220; sticky=&#8220;off&#8220; global_colors_info=&#8220;{}&#8220; align_phone=&#8220;center&#8220;][\/et_pb_image][et_pb_image src=&#8220;http:\/\/www.ruhrallee.com\/wp-content\/uploads\/2015\/06\/ebene0_illu.png&#8220; align_tablet=&#8220;center&#8220; align_last_edited=&#8220;on|desktop&#8220; admin_label=&#8220;Image&#8220; module_class=&#8220;et_pb_grundriss&#8220; _builder_version=&#8220;3.23&#8243; animation=&#8220;off&#8220; sticky=&#8220;off&#8220; global_colors_info=&#8220;{}&#8220; align_phone=&#8220;center&#8220;][\/et_pb_image][et_pb_text admin_label=&#8220;Text&#8220; _builder_version=&#8220;3.27.4&#8243; background_size=&#8220;initial&#8220; background_position=&#8220;top_left&#8220; background_repeat=&#8220;repeat&#8220; global_colors_info=&#8220;{}&#8220;]Ebene 0<br \/>\n[\/et_pb_text][et_pb_image src=&#8220;http:\/\/www.ruhrallee.com\/wp-content\/uploads\/2015\/06\/ebene0_illu.png&#8220; align_tablet=&#8220;center&#8220; align_last_edited=&#8220;on|desktop&#8220; admin_label=&#8220;Image&#8220; module_class=&#8220;et_pb_grundriss&#8220; _builder_version=&#8220;3.23&#8243; animation=&#8220;off&#8220; sticky=&#8220;off&#8220; global_colors_info=&#8220;{}&#8220; align_phone=&#8220;center&#8220;][\/et_pb_image][et_pb_text admin_label=&#8220;Text&#8220; _builder_version=&#8220;3.27.4&#8243; background_size=&#8220;initial&#8220; background_position=&#8220;top_left&#8220; background_repeat=&#8220;repeat&#8220; global_colors_info=&#8220;{}&#8220;]Ebene 1<br \/>\n[\/et_pb_text][\/et_pb_column][\/et_pb_row][\/et_pb_section]<\/p>\n","protected":false},"excerpt":{"rendered":"<p>Expos\u00e9 als pdf-Datei Geb\u00e4udeaufbau Eingangsbereich Repr\u00e4sentativer Foyerbereich \u00fcber zwei Geschosse Kantine Komplett eingerichtetes Casino im Haus E im Dachgeschoss Ausstattung L\u00fcftung Klimatisierung Bodenbelag Teppich, PVC Decke Abgeh\u00e4ngte Systemdecken Licht Bildschirmarbeitsplatzgerechte Rastereinbauleuchten Ma\u00dfe Deckenraster ca. 1,80 m Achsma\u00df ca. 1,80 m Geb\u00e4udetiefe ca. 12,20 m Raumtiefe ca. 5,10 bis 5,50 m Deckenh\u00f6he ca. 2,75 m Trennw\u00e4nde [&hellip;]<\/p>\n","protected":false},"author":1,"featured_media":0,"parent":0,"menu_order":0,"comment_status":"open","ping_status":"open","template":"","meta":{"_et_pb_use_builder":"on","_et_pb_old_content":"","_et_gb_content_width":""},"_links":{"self":[{"href":"http:\/\/www.ruhrallee.com\/index.php?rest_route=\/wp\/v2\/pages\/85"}],"collection":[{"href":"http:\/\/www.ruhrallee.com\/index.php?rest_route=\/wp\/v2\/pages"}],"about":[{"href":"http:\/\/www.ruhrallee.com\/index.php?rest_route=\/wp\/v2\/types\/page"}],"author":[{"embeddable":true,"href":"http:\/\/www.ruhrallee.com\/index.php?rest_route=\/wp\/v2\/users\/1"}],"replies":[{"embeddable":true,"href":"http:\/\/www.ruhrallee.com\/index.php?rest_route=%2Fwp%2Fv2%2Fcomments&post=85"}],"version-history":[{"count":30,"href":"http:\/\/www.ruhrallee.com\/index.php?rest_route=\/wp\/v2\/pages\/85\/revisions"}],"predecessor-version":[{"id":297,"href":"http:\/\/www.ruhrallee.com\/index.php?rest_route=\/wp\/v2\/pages\/85\/revisions\/297"}],"wp:attachment":[{"href":"http:\/\/www.ruhrallee.com\/index.php?rest_route=%2Fwp%2Fv2%2Fmedia&parent=85"}],"curies":[{"name":"wp","href":"https:\/\/api.w.org\/{rel}","templated":true}]}}